{"id":119,"date":"2015-02-25T23:27:45","date_gmt":"2015-02-25T23:27:45","guid":{"rendered":"https:\/\/gars.harmaasudet.fi\/?page_id=119"},"modified":"2015-07-07T23:29:06","modified_gmt":"2015-07-07T23:29:06","slug":"varusteet","status":"publish","type":"page","link":"https:\/\/gars.harmaasudet.fi\/?page_id=119","title":{"rendered":"Varusteet | Equipment"},"content":{"rendered":"<p><a href=\"https:\/\/gars.harmaasudet.fi\/wp-content\/uploads\/2015\/02\/miekka_kissanpaa2.jpg\"><img loading=\"lazy\" decoding=\"async\" src=\"https:\/\/gars.harmaasudet.fi\/wp-content\/uploads\/2015\/02\/miekka_kissanpaa2.jpg\" alt=\"miekka_kissanpaa2\" width=\"2202\" height=\"1195\" class=\"alignnone size-full wp-image-92\" srcset=\"https:\/\/gars.harmaasudet.fi\/wp-content\/uploads\/2015\/02\/miekka_kissanpaa2.jpg 2202w, https:\/\/gars.harmaasudet.fi\/wp-content\/uploads\/2015\/02\/miekka_kissanpaa2-300x162.jpg 300w, https:\/\/gars.harmaasudet.fi\/wp-content\/uploads\/2015\/02\/miekka_kissanpaa2-1024x555.jpg 1024w, https:\/\/gars.harmaasudet.fi\/wp-content\/uploads\/2015\/02\/miekka_kissanpaa2-460x250.jpg 460w\" sizes=\"auto, (max-width: 2202px) 100vw, 2202px\" \/><\/a><\/p>\n<h4>Varustekuvaukset<\/h4>\n<p style=\"text-align: justify;\">GARS valmistaa osan varusteistaan itse ja osa tilataan alan k\u00e4sity\u00f6l\u00e4isilt\u00e4. Ryhm\u00e4n varusteiden esittelyit\u00e4 julkaistaan jatkuvasti lis\u00e4\u00e4.<\/p>\n<h5>Lippu<\/h5>\n<p style=\"text-align: justify;\">30-vuotisen sodan aikana Ruotsin armeijan k\u00e4ytt\u00f6\u00f6n valmistettiin tuhansia silkkilippuja, mutta kovinkaan moni niist\u00e4 ei ole s\u00e4ilynyt: useimmat s\u00e4ilyneet yksil\u00f6t ovat niit\u00e4, jotka vihollinen kaappasi ja vei voitonmerkkein\u00e4 n\u00e4ytille kirkkoihin ja palatseihin, mist\u00e4 n\u00e4m\u00e4 liput sitten my\u00f6hemmin p\u00e4\u00e4tyiv\u00e4t museoihin. Aikakauden jalkav\u00e4enlippujen tutkiminen perustuu enimm\u00e4kseen maalauksiin ja kirjallisiin kuvauksiin: tiedet\u00e4\u00e4n, ett\u00e4 mit\u00e4\u00e4n yht\u00e4 lippustandardia ei Ruotsin armeijalla ollut, vaan liput tehtiin yksik\u00f6iss\u00e4 niiden komentavien upseerien maun mukaisiksi niist\u00e4 materiaaleista mit\u00e4 oli saatavilla. Ruotsalaisista asevelvollisista koostetuilla rykmenteill\u00e4 oli mahdollisesti hieman yhten\u00e4isemm\u00e4t liput kuin palkkasoturiyksik\u00f6ill\u00e4. Mit\u00e4\u00e4n todisteita siit\u00e4, ett\u00e4 liput olisivat noudattaneet maakuntien vaakunoiden v\u00e4rej\u00e4 tai olleet koordinoituja asepukujen v\u00e4rien kanssa ei ole, vaikka jotain pyrkimyksi\u00e4 t\u00e4llaiseen standardointiin saattoi jo kolmikymmenvuotisen sodan aikana olla.<\/p>\n<p style=\"text-align: justify;\">Saksalainen munkki Reginbaldus M\u00f6hner maalasi Augsburgissa v. 1634 vesiv\u00e4reill\u00e4 kymmenien kaupungin l\u00e4pi kulkeneiden Ruotsin armeijan yksik\u00f6iden liput kronikkaansa. N\u00e4iden maalausten joukossa on nelj\u00e4 Kaspar Ermesin komentaman savolaisen jalkav\u00e4en lippua, kaikella todenn\u00e4k\u00f6isyydell\u00e4 komppanianlippuja. Kaikki n\u00e4m\u00e4 liput ovat pelkki\u00e4 lippusalossa roikkuvia kangasriekaleita joista ei saa mit\u00e4\u00e4n k\u00e4sityst\u00e4 lipun kuviosta. Silkist\u00e4 tehdyt liput kun eiv\u00e4t olleet kovin kest\u00e4vi\u00e4 eik\u00e4 uusia lippuja toisaalta yleens\u00e4 tilattu yksik\u00f6ille ennenkuin ne organisoitiin uudelleen: niinp\u00e4 pitk\u00e4\u00e4n sotaretkell\u00e4 olleet yksik\u00f6t marssivat usein hyvin riekaleisten lippujen alla.<\/p>\n<p style=\"text-align: justify;\">GARS k\u00e4ytt\u00e4\u00e4 sinimustapohjaista lippua, jossa on kullalla maalattuna seppele molemmilla puolin sek\u00e4 Savon vaakuna toisella puolella ja kuninkaan monogrammi toisella puolella. T\u00e4m\u00e4 on spekulatiivinen rekonstruktio M\u00f6hnerin vesiv\u00e4rimaalauksen, aikakauden yleisen lippumuodin, muiden ruotsalaisten jalkav\u00e4kiyksik\u00f6iden lippujen sek\u00e4 Savon jalkav\u00e4kirykmentin my\u00f6h\u00e4isempien lippujen pohjalta.<\/p>\n<p>GARSin lipun valmistamisen vaiheita seurataan GARSin <a href=\"https:\/\/gars.harmaasudet.fi\/?page_id=150\" title=\"Blogi | Blog\">blogissa<\/a>.<\/p>\n<h5>Flag<\/h5>\n<p style=\"text-align: justify;\">During Thirty Years&#8217; War thousands of silken flags were produced for Swedish army, but just a few of them survive: most of the surviving ones are those which enemy took in battle and brought home as trophies, to be shown in churches and palaces. Later, some of them ended up in museums. Researching flags of this period is based largely on paintings and written descriptions. We know for sure that swedish army didn&#8217;t have any single flag standard, as the flags were usually made in the regiments according to the tastes of the commanding officers and of which materials were available. Native Swedish regiments might have had slightly simpler flags than the continental mercenary regiments. There are no evidence of flag colours being systematically coordinated with the uniform colours or the provincial colours even though there might have been that kind of efforts or plans.<\/p>\n<p style=\"text-align: justify;\">German monk Reginbaldus M\u00f6hner painted dozens of water-colour portraits of flags, belonging to Swedish regiments occupying and passing through Augsburg in 1634, for his chronicle. Amongst these paintings there are four flags of Kaspar Ermes&#8217;s Finnish (Savolax) infantry, which are company flags in all propability. Every one of the four flags have been reduced to mere rags hanging from a flagpole, with no hint of the pattern of the flag. Silken flags truly were not very durable in the battlefield and on the other hand new flags were often not issued until the regiment was reorganized: so in the long campaigns, many units were marching under tattered flags.<\/p>\n<p style=\"text-align: justify;\">GARS uses blue and black flag with golden wreath painted on both sides and on the middle the Savolax coat of arms on the other and the king&#8217;s monogram on the other side. This is a speculative reconstruction made after M\u00f6hner&#8217;s paintings, general flag fashion of the period, other Swedish infantry flags and later period flags of Savolax infantry regiment.<\/p>\n<p><a href=\"https:\/\/gars.harmaasudet.fi\/wp-content\/uploads\/2015\/07\/GARS_lippu.jpg\"><img loading=\"lazy\" decoding=\"async\" src=\"https:\/\/gars.harmaasudet.fi\/wp-content\/uploads\/2015\/07\/GARS_lippu.jpg\" alt=\"GARS_lippu\" width=\"480\" height=\"487\" class=\"alignnone size-full wp-image-292\" srcset=\"https:\/\/gars.harmaasudet.fi\/wp-content\/uploads\/2015\/07\/GARS_lippu.jpg 480w, https:\/\/gars.harmaasudet.fi\/wp-content\/uploads\/2015\/07\/GARS_lippu-295x300.jpg 295w, https:\/\/gars.harmaasudet.fi\/wp-content\/uploads\/2015\/07\/GARS_lippu-246x250.jpg 246w\" sizes=\"auto, (max-width: 480px) 100vw, 480px\" \/><\/a><br \/>\n<em>GARSin lippu | GARS&#8217;s flag, kuva | pic \u00a9 Maria von Hertzen 2015<\/em><\/p>\n","protected":false},"excerpt":{"rendered":"<p>Varustekuvaukset GARS valmistaa osan varusteistaan itse ja osa tilataan alan k\u00e4sity\u00f6l\u00e4isilt\u00e4. Ryhm\u00e4n varusteiden esittelyit\u00e4 julkaistaan jatkuvasti lis\u00e4\u00e4. Lippu 30-vuotisen sodan aikana Ruotsin armeijan k\u00e4ytt\u00f6\u00f6n valmistettiin tuhansia silkkilippuja, mutta kovinkaan moni niist\u00e4 ei ole s\u00e4ilynyt: useimmat s\u00e4ilyneet yksil\u00f6t ovat niit\u00e4, jotka vihollinen kaappasi ja vei voitonmerkkein\u00e4 n\u00e4ytille kirkkoihin ja palatseihin, mist\u00e4 n\u00e4m\u00e4 liput sitten my\u00f6hemmin p\u00e4\u00e4tyiv\u00e4t&hellip;<a href=\"https:\/\/gars.harmaasudet.fi\/?page_id=119\" class=\"button\">Read more <span class=\"screen-reader-text\">Varusteet | Equipment<\/span><\/a><\/p>\n","protected":false},"author":1,"featured_media":0,"parent":50,"menu_order":3,"comment_status":"closed","ping_status":"closed","template":"templates\/fullwidth-page.php","meta":{"footnotes":""},"class_list":["post-119","page","type-page","status-publish","hentry"],"_links":{"self":[{"href":"https:\/\/gars.harmaasudet.fi\/index.php?rest_route=\/wp\/v2\/pages\/119","targetHints":{"allow":["GET"]}}],"collection":[{"href":"https:\/\/gars.harmaasudet.fi\/index.php?rest_route=\/wp\/v2\/pages"}],"about":[{"href":"https:\/\/gars.harmaasudet.fi\/index.php?rest_route=\/wp\/v2\/types\/page"}],"author":[{"embeddable":true,"href":"https:\/\/gars.harmaasudet.fi\/index.php?rest_route=\/wp\/v2\/users\/1"}],"replies":[{"embeddable":true,"href":"https:\/\/gars.harmaasudet.fi\/index.php?rest_route=%2Fwp%2Fv2%2Fcomments&post=119"}],"version-history":[{"count":10,"href":"https:\/\/gars.harmaasudet.fi\/index.php?rest_route=\/wp\/v2\/pages\/119\/revisions"}],"predecessor-version":[{"id":300,"href":"https:\/\/gars.harmaasudet.fi\/index.php?rest_route=\/wp\/v2\/pages\/119\/revisions\/300"}],"up":[{"embeddable":true,"href":"https:\/\/gars.harmaasudet.fi\/index.php?rest_route=\/wp\/v2\/pages\/50"}],"wp:attachment":[{"href":"https:\/\/gars.harmaasudet.fi\/index.php?rest_route=%2Fwp%2Fv2%2Fmedia&parent=119"}],"curies":[{"name":"wp","href":"https:\/\/api.w.org\/{rel}","templated":true}]}}