{"id":19,"date":"2014-11-25T23:10:21","date_gmt":"2014-11-25T23:10:21","guid":{"rendered":"https:\/\/gars.harmaasudet.fi\/?page_id=19"},"modified":"2015-02-26T15:06:21","modified_gmt":"2015-02-26T15:06:21","slug":"blogi","status":"publish","type":"page","link":"https:\/\/gars.harmaasudet.fi\/?page_id=19","title":{"rendered":"30-vuotinen sota | 30 Years War"},"content":{"rendered":"<p style=\"text-align: justify;\">Kolmikymmenvuotinen sota k\u00e4ytiin Keski-Euroopassa vuosina 1618-1648. Ruotsi liittyi sotaan vuonna 1630 ja ruotsalaisia joukkoja pysyi Saksassa sodan loppuun saakka. Kolmikymmenvuotista sotaa oli kuitenkin edelt\u00e4nyt koko kuningas Kustaa Aadolfin valtakauden ajan jatkuva sotatila, konfliktit Ven\u00e4j\u00e4\u00e4 vastaan Inkerinmaalla (1611-1617) sek\u00e4 Puolaa vastaan Liivinmaalla (1617-1618 ja 1621-1626) ja Preussissa (1626-1629) sek\u00e4 toistuvat sodat Tanskaa vastaan. Lis\u00e4ksi Kolmikymmenvuotisen sodan loppupuolella kuningatar Kristiinan kaudella, kun sotatoimet Saksassa laantuivat, alkoivat uudet sodat niin Puolaa kuin Tanskaakin vastaan. Sotatila oli valtakunnassa k\u00e4yt\u00e4nn\u00f6ss\u00e4 katsoen normaalitila, rauhankaudet lyhyit\u00e4 uuteen sotaan valmistautumisen jaksoja.<\/p>\n<p style=\"text-align: justify;\">Koko nykyinen Suomi kuului 1600-luvulla Ruotsin kuningaskuntaan ja suomalaisia sotilaita taisteli paljon Ruotsin armeijassa. Suomalainen ratsuv\u00e4ki, ns. hakkapeliitat ovat (ainakin Suomen rajojen sis\u00e4puolella) hyvin tunnettua edesottamuksistaan Kolmikymmenvuotisessa sodassa mutta ehdoton valtaosa suomalaista taisteli jalkav\u00e4ess\u00e4. Siin\u00e4 miss\u00e4 ratsuv\u00e4en sotilaat olivat vapaaehtoisia, jalkav\u00e4en sotilaat hankittin v\u00e4enotolla, he olivat siis pakolla v\u00e4rv\u00e4ttyj\u00e4 asevelvollisia. Puolaa ja Ven\u00e4j\u00e4\u00e4 vastaan k\u00e4ydyiss\u00e4 sodissa suomalaiset sotilaat olivat muodostaneet merkitt\u00e4v\u00e4n osan Ruotsin armeijasta, mutta Saksan sotaretkell\u00e4 suurin osa Ruotsin jalkav\u00e4en miesvahduudesta koostui v\u00e4rv\u00e4tyist\u00e4 miehist\u00e4 eli palkkasotilaista. V\u00e4rv\u00e4tyt sotilaat tulivat p\u00e4\u00e4osin Saksan alueelta sek\u00e4 Brittein saarilta. Ruotsalaiset ja suomalaiset asevelvolliset olivat armeijassa v\u00e4hemmist\u00f6in\u00e4, ja suomalaisyksik\u00f6t kuluttivat valtaosan sodasta vallattujen saksalaisten linnojen ja kaupunkien varusv\u00e4ken\u00e4. Kustaa Aadolfin sotaretken suurista taisteluista suomalaisata jalkav\u00e4ke\u00e4 oli kuitenkin l\u00e4sn\u00e4 muun muassa Breitenfeldiss\u00e4 ja L\u00fctzeniss\u00e4.<\/p>\n<p><strong>GARS el\u00e4v\u00f6itt\u00e4\u00e4 ennen kaikkea Kustaa Aadolfin Saksan sotaretken ajan (1630-1632) Ruotsin armeijan jalkav\u00e4ke\u00e4 Savon jalkav\u00e4kirykmentist\u00e4, mutta varusteemme sopivat my\u00f6s laajempaan aikakauteen Liivinmaan sodan alusta 1621 Kolmikymmenvuotisen sodan loppuun asti 1648.<\/strong><\/p>\n<h5>Finnish infantry and 30 Years War<\/h5>\n<p style=\"text-align: justify;\">Thirty Years War was fought in Central Europe from year 1618 to 1648. Sweden joined the war properly in 1630 and Swedish forces remained in Germany to the end of the war. The whole reign of Gustavus Adolphus, from 1611, had been time of almost constant war: Sweden fought against Russia in Ingria (1611-1617), against Poland in Livonia (1617-1618 and 1621-1626) and in Prussia (1626-1629) and several times against Denmark. After the death of Gustavus Adolphus and towards the end of the German war, wars against old enemies Poland and Denmark started again. State of war was effectively the normal state of things, short periods of peace were spent getting ready for the next war.<\/p>\n<p style=\"text-align: justify;\">Whole area of modern Finland belonged to the Kingdom of Sweden during the 17th century and Finnish troops were well represented in Swedish military. Finnish cavalry (&#8220;Hackapelites&#8221;) and their exploits in German War are well known especially amongst Finns, and have a somewhat mythical reputation thanks to 19th and 20th century writers. In reality, much bigger number of Finns fought in infantry. While cavalrymen were volunteers (drawn mostly among the sons and servants of welthier farmers, with tax exemption and freedom from feared conscription as motive of volunteering) native Swedish and Finnish infantry were conscripts, drawn from the peasant class.<\/p>\n<p style=\"text-align: justify;\">During the early-17th century wars against Poland and Russia a very large proportion of Swedish army had been Finnish in origin, but in Thirty Years War the Swedish field army was actually mostly comprised of foreign (German, Scots, etc.) mercenaries: native Swedes and Finns were a minority. Often concripted troops were also given tasks in guarding and garrisoning the North-German towns and castles and saw less action in battlefield than mercenaries. Nevertheless, a small number of Finnish infantrymen were present in most of the famous battles of Thirty Years War, like Breitenfeld and L\u00fctzen.<\/p>\n<p><strong>GARS mainly re-enacts Finnish infantry from Savolax infantry regiment during the German campaign of Gustavus Adolphus of Sweden (1630-1632) but our equipment can mostly be used also in a larger timeframe from the beginning of the Livonian war in 1621 to the end of the Thirty Years War in 1648.<\/strong><\/p>\n","protected":false},"excerpt":{"rendered":"<p>Kolmikymmenvuotinen sota k\u00e4ytiin Keski-Euroopassa vuosina 1618-1648. Ruotsi liittyi sotaan vuonna 1630 ja ruotsalaisia joukkoja pysyi Saksassa sodan loppuun saakka. Kolmikymmenvuotista sotaa oli kuitenkin edelt\u00e4nyt koko kuningas Kustaa Aadolfin valtakauden ajan jatkuva sotatila, konfliktit Ven\u00e4j\u00e4\u00e4 vastaan Inkerinmaalla (1611-1617) sek\u00e4 Puolaa vastaan Liivinmaalla (1617-1618 ja 1621-1626) ja Preussissa (1626-1629) sek\u00e4 toistuvat sodat Tanskaa vastaan. Lis\u00e4ksi Kolmikymmenvuotisen sodan&hellip;<a href=\"https:\/\/gars.harmaasudet.fi\/?page_id=19\" class=\"button\">Read more <span class=\"screen-reader-text\">30-vuotinen sota | 30 Years War<\/span><\/a><\/p>\n","protected":false},"author":1,"featured_media":0,"parent":50,"menu_order":1,"comment_status":"closed","ping_status":"closed","template":"","meta":{"footnotes":""},"class_list":["post-19","page","type-page","status-publish","hentry"],"_links":{"self":[{"href":"https:\/\/gars.harmaasudet.fi\/index.php?rest_route=\/wp\/v2\/pages\/19","targetHints":{"allow":["GET"]}}],"collection":[{"href":"https:\/\/gars.harmaasudet.fi\/index.php?rest_route=\/wp\/v2\/pages"}],"about":[{"href":"https:\/\/gars.harmaasudet.fi\/index.php?rest_route=\/wp\/v2\/types\/page"}],"author":[{"embeddable":true,"href":"https:\/\/gars.harmaasudet.fi\/index.php?rest_route=\/wp\/v2\/users\/1"}],"replies":[{"embeddable":true,"href":"https:\/\/gars.harmaasudet.fi\/index.php?rest_route=%2Fwp%2Fv2%2Fcomments&post=19"}],"version-history":[{"count":9,"href":"https:\/\/gars.harmaasudet.fi\/index.php?rest_route=\/wp\/v2\/pages\/19\/revisions"}],"predecessor-version":[{"id":118,"href":"https:\/\/gars.harmaasudet.fi\/index.php?rest_route=\/wp\/v2\/pages\/19\/revisions\/118"}],"up":[{"embeddable":true,"href":"https:\/\/gars.harmaasudet.fi\/index.php?rest_route=\/wp\/v2\/pages\/50"}],"wp:attachment":[{"href":"https:\/\/gars.harmaasudet.fi\/index.php?rest_route=%2Fwp%2Fv2%2Fmedia&parent=19"}],"curies":[{"name":"wp","href":"https:\/\/api.w.org\/{rel}","templated":true}]}}