{"id":4,"date":"2014-11-25T21:21:52","date_gmt":"2014-11-25T21:21:52","guid":{"rendered":"https:\/\/gars.harmaasudet.fi\/?page_id=4"},"modified":"2017-02-03T22:07:20","modified_gmt":"2017-02-03T22:07:20","slug":"tapahtumat","status":"publish","type":"page","link":"https:\/\/gars.harmaasudet.fi\/?page_id=4","title":{"rendered":"Tapahtumat | Events"},"content":{"rendered":"<p style=\"text-align: justify;\">Gars j\u00e4rjest\u00e4\u00e4 itse mm. talkoita ja harjoituksia, k\u00e4y ekskursioilla alan tapahtumissa ja 1600-lukua esitteleviss\u00e4 museoissa sek\u00e4 esiintyy Suomessa ja ulkomailla. T\u00e4ydenn\u00e4mme tapahtumakalenteria jatkuvasti. Ehdotuksia ekskursioista tai esiintymispyynt\u00f6j\u00e4 voi l\u00e4hett\u00e4\u00e4 meille osoitteeseen <strong><span class=\"gI\">savolax@gars.harmaasudet.fi<\/span><\/strong><\/p>\n<h4>2017<\/h4>\n<h5>Tammikuu | January<\/h5>\n<p><strong>28.1.<\/strong> <a href=\"http:\/\/www.vaelluslarp.harmaasudet.fi\">H\u00e4meenkangas -vaelluslarp<\/a> yhdess\u00e4 Harmaasudet ry:n kanssa<\/p>\n<p><strong>31.1.<\/strong> Elokuvaekskursio: <a href=\"http:\/\/www.teatteriunion.fi\/portfolio\/a-field-in-england\/\"><em>A Field in England<\/em><\/a>, Teatteri Unioni<\/p>\n<h5>Helmikuu | February<\/h5>\n<p><strong>5.2.<\/strong> <em><a href=\"https:\/\/gars.harmaasudet.fi\/?page_id=512\"><strong>B\u00f6ndep\u00e4iv\u00e4<\/strong><\/a><\/em> Pukkisaaressa ja Munkkiniemen nuoristalolla yhdess\u00e4 Harmaasudet ry:n ja Sommelo ry:n kanssa.<\/p>\n<h5>Maaliskuu | March<\/h5>\n<p><strong>5.3. <a href=\"https:\/\/gars.harmaasudet.fi\/?page_id=546\"><em>Piken\u00f6\u00f6rip\u00e4iv\u00e4<\/em><\/a><\/strong> Turun linnassa<\/p>\n<h5>Huhtikuu | April<\/h5>\n<h5>Toukokuu | May<\/h5>\n<p><strong>21.5.<\/strong> Puheohjelmaa <a title=\"Valistus &amp; edistys\" href=\"http:\/\/www.harmaasudet.fi\/toiminta\/valistus-edistys\/\">Harmaasudet ry:n V&amp;E -vuorolla<\/a><\/p>\n<h5>Kes\u00e4kuu | June<\/h5>\n<p><strong>10.6.<\/strong> <em><strong>Musket\u00f6\u00f6rip\u00e4iv\u00e4<\/strong><\/em> H\u00e4meen linnassa.<\/p>\n<h5>Hein\u00e4kuu | July<\/h5>\n<h5>Elokuu | August<\/h5>\n<p><strong>5.-6.8.<\/strong> <em><strong>Viipurintien markkinat<\/strong><\/em> Kouvolassa<\/p>\n<h5>Syyskuu | September<\/h5>\n<h5>Lokakuu | October<\/h5>\n<p><strong>20.-22.10.<\/strong> <a href=\"http:\/\/slagomgrolle.nl\"><em>De Slag om Grolle<\/em><\/a> Groenlossa, Alankomaissa.<\/p>\n<h5>Marraskuu | November<\/h5>\n<p><strong>6.11.<\/strong> <strong>GARSin vuosijuhlat<\/strong><\/p>\n<h5>Joulukuu | December<\/h5>\n<p>&nbsp;<\/p>\n<p><strong><a title=\"Menneet tapahtumat | Past events\" href=\"https:\/\/gars.harmaasudet.fi\/?page_id=69\">Menneet tapahtumat | Past events<\/a><\/strong><\/p>\n","protected":false},"excerpt":{"rendered":"<p>Gars j\u00e4rjest\u00e4\u00e4 itse mm. talkoita ja harjoituksia, k\u00e4y ekskursioilla alan tapahtumissa ja 1600-lukua esitteleviss\u00e4 museoissa sek\u00e4 esiintyy Suomessa ja ulkomailla. T\u00e4ydenn\u00e4mme tapahtumakalenteria jatkuvasti. Ehdotuksia ekskursioista tai esiintymispyynt\u00f6j\u00e4 voi l\u00e4hett\u00e4\u00e4 meille osoitteeseen savolax@gars.harmaasudet.fi 2017 Tammikuu | January 28.1. H\u00e4meenkangas -vaelluslarp yhdess\u00e4 Harmaasudet ry:n kanssa 31.1. Elokuvaekskursio: A Field in England, Teatteri Unioni Helmikuu | February 5.2.&hellip;<a href=\"https:\/\/gars.harmaasudet.fi\/?page_id=4\" class=\"button\">Read more <span class=\"screen-reader-text\">Tapahtumat | Events<\/span><\/a><\/p>\n","protected":false},"author":1,"featured_media":0,"parent":0,"menu_order":3,"comment_status":"closed","ping_status":"closed","template":"","meta":{"footnotes":""},"class_list":["post-4","page","type-page","status-publish","hentry"],"_links":{"self":[{"href":"https:\/\/gars.harmaasudet.fi\/index.php?rest_route=\/wp\/v2\/pages\/4","targetHints":{"allow":["GET"]}}],"collection":[{"href":"https:\/\/gars.harmaasudet.fi\/index.php?rest_route=\/wp\/v2\/pages"}],"about":[{"href":"https:\/\/gars.harmaasudet.fi\/index.php?rest_route=\/wp\/v2\/types\/page"}],"author":[{"embeddable":true,"href":"https:\/\/gars.harmaasudet.fi\/index.php?rest_route=\/wp\/v2\/users\/1"}],"replies":[{"embeddable":true,"href":"https:\/\/gars.harmaasudet.fi\/index.php?rest_route=%2Fwp%2Fv2%2Fcomments&post=4"}],"version-history":[{"count":10,"href":"https:\/\/gars.harmaasudet.fi\/index.php?rest_route=\/wp\/v2\/pages\/4\/revisions"}],"predecessor-version":[{"id":563,"href":"https:\/\/gars.harmaasudet.fi\/index.php?rest_route=\/wp\/v2\/pages\/4\/revisions\/563"}],"wp:attachment":[{"href":"https:\/\/gars.harmaasudet.fi\/index.php?rest_route=%2Fwp%2Fv2%2Fmedia&parent=4"}],"curies":[{"name":"wp","href":"https:\/\/api.w.org\/{rel}","templated":true}]}}