{"id":546,"date":"2017-02-03T21:59:04","date_gmt":"2017-02-03T21:59:04","guid":{"rendered":"https:\/\/gars.harmaasudet.fi\/?page_id=546"},"modified":"2017-02-03T22:01:01","modified_gmt":"2017-02-03T22:01:01","slug":"pikenooripaiva-turun-linnassa-piqueneur-day-5-3-2017","status":"publish","type":"page","link":"https:\/\/gars.harmaasudet.fi\/?page_id=546","title":{"rendered":"Piken\u00f6\u00f6rip\u00e4iv\u00e4 Turun linnassa | Piqueneur Day 5.3.2017"},"content":{"rendered":"<p><strong>Sunnuntaina 5.3.2017<\/strong> GARS l\u00e4htee p\u00e4iv\u00e4ksi Turun linnaan el\u00e4v\u00f6itt\u00e4m\u00e4\u00e4n piikkimiehi\u00e4 eli piken\u00f6\u00f6rej\u00e4. P\u00e4iv\u00e4n aikana \u00e4kseeraamme linnan pihalla ja lounastamme linnan kellarissa.<\/p>\n<div id=\"attachment_551\" style=\"width: 213px\" class=\"wp-caption alignleft\"><a href=\"https:\/\/gars.harmaasudet.fi\/wp-content\/uploads\/2017\/02\/DSC_3084-1web2.jpg\"><img loading=\"lazy\" decoding=\"async\" aria-describedby=\"caption-attachment-551\" class=\"wp-image-551 \" src=\"https:\/\/gars.harmaasudet.fi\/wp-content\/uploads\/2017\/02\/DSC_3084-1web2-300x221.jpg\" width=\"203\" height=\"143\" \/><\/a><p id=\"caption-attachment-551\" class=\"wp-caption-text\">GARS Turun linnassa joulukuussa 2015. Kuva (c) GARS 2015.<\/p><\/div>\n<p style=\"padding-left: 220px;\"><strong><br \/>\nPiken\u00f6\u00f6rip\u00e4iv\u00e4n alustava ohjelma<\/strong><\/p>\n<p style=\"padding-left: 220px;\"><strong>11.00-11.45<\/strong> Ensimm\u00e4inen piikki\u00e4ksiisi linnan pihalla<br \/>\n<strong>12.00-13.00<\/strong> Lounas linnan kellarissa<br \/>\n<strong>14.45-15.30<\/strong> Toinen piikki\u00e4ksiisi linnan pihalla<\/p>\n<p style=\"padding-left: 220px;\">Tervetuloa tapaamaan GARSia Turun linnaan!<\/p>\n","protected":false},"excerpt":{"rendered":"<p>Sunnuntaina 5.3.2017 GARS l\u00e4htee p\u00e4iv\u00e4ksi Turun linnaan el\u00e4v\u00f6itt\u00e4m\u00e4\u00e4n piikkimiehi\u00e4 eli piken\u00f6\u00f6rej\u00e4. P\u00e4iv\u00e4n aikana \u00e4kseeraamme linnan pihalla ja lounastamme linnan kellarissa. Piken\u00f6\u00f6rip\u00e4iv\u00e4n alustava ohjelma 11.00-11.45 Ensimm\u00e4inen piikki\u00e4ksiisi linnan pihalla 12.00-13.00 Lounas linnan kellarissa 14.45-15.30 Toinen piikki\u00e4ksiisi linnan pihalla Tervetuloa tapaamaan GARSia Turun linnaan!<\/p>\n","protected":false},"author":1,"featured_media":0,"parent":4,"menu_order":2,"comment_status":"closed","ping_status":"closed","template":"","meta":{"footnotes":""},"class_list":["post-546","page","type-page","status-publish","hentry"],"_links":{"self":[{"href":"https:\/\/gars.harmaasudet.fi\/index.php?rest_route=\/wp\/v2\/pages\/546","targetHints":{"allow":["GET"]}}],"collection":[{"href":"https:\/\/gars.harmaasudet.fi\/index.php?rest_route=\/wp\/v2\/pages"}],"about":[{"href":"https:\/\/gars.harmaasudet.fi\/index.php?rest_route=\/wp\/v2\/types\/page"}],"author":[{"embeddable":true,"href":"https:\/\/gars.harmaasudet.fi\/index.php?rest_route=\/wp\/v2\/users\/1"}],"replies":[{"embeddable":true,"href":"https:\/\/gars.harmaasudet.fi\/index.php?rest_route=%2Fwp%2Fv2%2Fcomments&post=546"}],"version-history":[{"count":10,"href":"https:\/\/gars.harmaasudet.fi\/index.php?rest_route=\/wp\/v2\/pages\/546\/revisions"}],"predecessor-version":[{"id":560,"href":"https:\/\/gars.harmaasudet.fi\/index.php?rest_route=\/wp\/v2\/pages\/546\/revisions\/560"}],"up":[{"embeddable":true,"href":"https:\/\/gars.harmaasudet.fi\/index.php?rest_route=\/wp\/v2\/pages\/4"}],"wp:attachment":[{"href":"https:\/\/gars.harmaasudet.fi\/index.php?rest_route=%2Fwp%2Fv2%2Fmedia&parent=546"}],"curies":[{"name":"wp","href":"https:\/\/api.w.org\/{rel}","templated":true}]}}